{"id":29183,"date":"2022-09-18T14:07:10","date_gmt":"2022-09-18T12:07:10","guid":{"rendered":"https:\/\/fnskaumfs.preview.infomaniak.website\/launch-fabdrinx\/"},"modified":"2022-09-22T23:25:23","modified_gmt":"2022-09-22T21:25:23","slug":"launch-fabdrinx","status":"publish","type":"page","link":"https:\/\/fabdrinx.com\/de\/launch-fabdrinx\/","title":{"rendered":"launch fabdrinx"},"content":{"rendered":"<p>[et_pb_section fb_built=&#8220;1&#8243; _builder_version=&#8220;4.18.0&#8243; _module_preset=&#8220;default&#8220; global_colors_info=&#8220;{}&#8220;][et_pb_row _builder_version=&#8220;4.18.0&#8243; _module_preset=&#8220;default&#8220; global_colors_info=&#8220;{}&#8220;][et_pb_column type=&#8220;4_4&#8243; _builder_version=&#8220;4.18.0&#8243; _module_preset=&#8220;default&#8220; global_colors_info=&#8220;{}&#8220;][et_pb_image _builder_version=&#8220;4.18.0&#8243; _module_preset=&#8220;default&#8220; global_colors_info=&#8220;{}&#8220;][\/et_pb_image][et_pb_text _builder_version=&#8220;4.18.0&#8243; _module_preset=&#8220;default&#8220; global_colors_info=&#8220;{}&#8220;]<\/p>\n<h1 class=\"entry-title\">Ein neuer Playground f\u00fcr Drinks-Enthusiasten<\/h1>\n<p>Endlich! Nach dem Corona Lockdown \u00f6ffnen nun viele Restaurants und Bars im Mai wieder. F\u00fcr unsere Freunde in der Branche bedeutet dies zu zeigen, dass die Schutzma\u00dfnahmen eingehalten werden und dass sie bereit sind, G\u00e4ste zu empfangen.<\/p>\n<p>Mit fabdrinx.com haben wir einen Playground kreiert, der Getr\u00e4nkemarken, Bars und deren jeweilige G\u00e4ste miteinander verbindet.<\/p>\n<p>Auf dem Blog gibt es bereits die ersten 20 Beitr\u00e4ge und eine Liste von Bars in \u00d6sterreich und in der Schweiz, die Cocktails liefern. Bars, Restaurants, Hotels, kleine Brennereien, Brauereien, Coffee Shops, Take Aways, Veranstaltungsorte und Cateringdienste k\u00f6nnen sich KOSTENFREI in unserem Finder listen lassen. Upgrades sind m\u00f6glich. Unsere Packages f\u00fcr Mitglieder aus dem Bereich KMU, Startups und Solopreneure sind unten aufgef\u00fchrt. Fabdrinx bietet auch zahlreiche M\u00f6glichkeiten f\u00fcr Marken, Agenturen und Veranstalter. Wer Partner oder Mitglied von Fabdrinx werden m\u00f6chte, kann sich bereits hier registrieren.<\/p>\n<p>Ein eShop und andere Funktionen werden in K\u00fcrze hinzugef\u00fcgt. Wir sind jedoch ein kleines Team und Fabdrinx ist komplett \u201egebootstrapped\u201c. Wir k\u00f6nnen die Plattform nur entsprechend unserer Ressourcen entwickeln.<\/p>\n<p>Wer unser Startup mit einer kleinen Spende von <strong>EUR\/CHF 25.00<\/strong> unterst\u00fctzen m\u00f6chte, kann das \u00fcber den Paypal Express Button hier unten tun. Jeder Betrag, den wir erhalten, wird ausschlie\u00dflich dazu verwendet, die Plattform f\u00fcr alle besser zu machen. F\u00fcr gr\u00f6\u00dfere Spenden, Sponsoring oder Kooperationsm\u00f6glichkeiten, bitte Kontakt per <a href=\"mailto:fabdrinx@gmail.com\">e-mail<\/a>. aufnehmen. Im Interesse unserer Mitglieder sind wir f\u00fcr jede Unterst\u00fctzung dankbar, die wir erhalten. Jedes bisschen hilft!<\/p>\n<div style='float: left;'><form target='' action='https:\/\/www.paypal.com\/cgi-bin\/webscr' method='post'><input type='hidden' name='cmd' value='_xclick' \/><input type='hidden' name='business' value='eileen.schuch@coolbrandz.com' \/><input type='hidden' name='item_name' value='Fabdrinx Startup Support' \/><input type='hidden' name='currency_code' value='EUR' \/><input type='hidden' name='amount' value='25.00' \/><input type='hidden' name='lc' value='EN_US'><input type='hidden' name='no_note' value=''><input type='hidden' name='paymentaction' value='sale'><input type='hidden' name='return' value='' \/><input type='hidden' name='bn' value='WPPlugin_SP'><input type='hidden' name='cancel_return' value='' \/><input style='border: none;' class='paypalbuttonimage' type='image' src='https:\/\/www.paypalobjects.com\/webstatic\/en_US\/i\/buttons\/buy-logo-medium.png' border='0' name='submit' alt='Make your payments with PayPal. It is free, secure, effective.'><img alt='' border='0' style='border:none;display:none;' src='https:\/\/www.paypal.com\/EN_US\/i\/scr\/pixel.gif' width='1' height='1'><\/form><\/div>\n<p>&nbsp;<\/p>\n<p>In der Zwischenzeit sind wir bereits auf Instagram, Facebook, und Pinterest aktiv, wo unsere Kommunikationen im April von etwa einer Viertelmillion Menschen gesehen wurden! Wir freuen uns \u00fcber alle, die auf die eine oder andere Weise zum Projekt beitragen m\u00f6chten. Man kann uns jederzeit per Mail kontaktieren, um eventuelle Synergien zu kreieren. Auch ein Media-Kit senden wir auf Anfrage gern zu.<\/p>\n<p>Free membership \u2013 EUR\/CHF 0<\/p>\n<p>F\u00fcr Bars, Restaurants, Weing\u00fcter, Destillerien, Event Locations<br \/>Listing auf 2 Sprachversionen unserer Webseite<br \/>Google Koordinaten, Kontaktangaben, Bild<br \/>Beispiel Free Listing: Les Cr\u00eates Winery \/ Weingut Aosta<br \/>F\u00fcr die KOSTENFREIE Registrierung, bitte die vollst\u00e4ndigen Kontaktdaten, einschlie\u00dflich der Website-Adresse, \u00d6ffnungszeiten und eines qualitativen Fotos des Unternehmens, falls vorhanden, an diese E-Mail senden &gt;&gt;&gt; &gt;&gt;&gt;<\/p>\n<p>Im Moment registrieren wir unsere Mitglieder manuell, aber wir m\u00f6chten schnellstens ein Tool aufsetzten, das den Prozess automatisiert. Jede finanzielle Unterst\u00fctzung zur Deckung der Kosten f\u00fcr diese technische Entwicklung ist herzlich willkommen! \u00dcber den Button hier unten, kann man sich mit EUR \/ CHF 25.00 an unserer Crowdfunding-Kampagne beteiligen.<\/p>\n<div style='float: left;'><form target='' action='https:\/\/www.paypal.com\/cgi-bin\/webscr' method='post'><input type='hidden' name='cmd' value='_xclick' \/><input type='hidden' name='business' value='eileen.schuch@coolbrandz.com' \/><input type='hidden' name='item_name' value='Fabdrinx Startup Support' \/><input type='hidden' name='currency_code' value='EUR' \/><input type='hidden' name='amount' value='25.00' \/><input type='hidden' name='lc' value='EN_US'><input type='hidden' name='no_note' value=''><input type='hidden' name='paymentaction' value='sale'><input type='hidden' name='return' value='' \/><input type='hidden' name='bn' value='WPPlugin_SP'><input type='hidden' name='cancel_return' value='' \/><input style='border: none;' class='paypalbuttonimage' type='image' src='https:\/\/www.paypalobjects.com\/webstatic\/en_US\/i\/buttons\/buy-logo-medium.png' border='0' name='submit' alt='Make your payments with PayPal. It is free, secure, effective.'><img alt='' border='0' style='border:none;display:none;' src='https:\/\/www.paypal.com\/EN_US\/i\/scr\/pixel.gif' width='1' height='1'><\/form><\/div>\n<p>&nbsp;<\/p>\n<p>Basic Membership \u2013 EUR 75<\/p>\n<p>F\u00fcr Bars, Restaurants, Weing\u00fcter, Destillerien, Event Locations<br \/>Listing auf 2 Sprachversionen unserer Webseite<br \/>Google Koordinaten, Kontaktangaben<br \/>Listung im Country-Pinboard: Germany, Switzerland, Austria<br \/>Social Media Boost (Pinterest, FB, Insta, LinkedIN, etc.)<br \/>Insertion mailing (New Member Welcome) \u2013 10,000 Kontakte<\/p>\n<div style='float: left;'><form target='' action='https:\/\/www.paypal.com\/cgi-bin\/webscr' method='post'><input type='hidden' name='cmd' value='_xclick' \/><input type='hidden' name='business' value='eileen.schuch@coolbrandz.com' \/><input type='hidden' name='item_name' value='Fabdrinx Basic Membership ' \/><input type='hidden' name='currency_code' value='EUR' \/><input type='hidden' name='amount' value='75.00' \/><input type='hidden' name='lc' value='EN_US'><input type='hidden' name='no_note' value=''><input type='hidden' name='paymentaction' value='sale'><input type='hidden' name='return' value='' \/><input type='hidden' name='bn' value='WPPlugin_SP'><input type='hidden' name='cancel_return' value='' \/><input style='border: none;' class='paypalbuttonimage' type='image' src='https:\/\/www.paypalobjects.com\/webstatic\/en_US\/i\/buttons\/buy-logo-medium.png' border='0' name='submit' alt='Make your payments with PayPal. It is free, secure, effective.'><img alt='' border='0' style='border:none;display:none;' src='https:\/\/www.paypal.com\/EN_US\/i\/scr\/pixel.gif' width='1' height='1'><\/form><\/div>\n<p>&nbsp;<\/p>\n<p>Extended Membership \u2013 EUR 150<\/p>\n<p>Alle Leistungen aus dem \u201eBasic\u201c Pack<br \/>Eigenes Profil (Mind. 300 W\u00f6rter, 2 Sprachen, SEO optimiert, Link zur eigenen Website)<br \/>Beispiel Profil: SLUbar Austria \/ \u00d6sterreich<\/p>\n<div style='float: left;'><form target='' action='https:\/\/www.paypal.com\/cgi-bin\/webscr' method='post'><input type='hidden' name='cmd' value='_xclick' \/><input type='hidden' name='business' value='eileen.schuch@coolbrandz.com' \/><input type='hidden' name='item_name' value='Fabdrinx Extended Membership' \/><input type='hidden' name='currency_code' value='EUR' \/><input type='hidden' name='amount' value='150.00' \/><input type='hidden' name='lc' value='EN_US'><input type='hidden' name='no_note' value=''><input type='hidden' name='paymentaction' value='sale'><input type='hidden' name='return' value='' \/><input type='hidden' name='bn' value='WPPlugin_SP'><input type='hidden' name='cancel_return' value='' \/><input style='border: none;' class='paypalbuttonimage' type='image' src='https:\/\/www.paypalobjects.com\/webstatic\/en_US\/i\/buttons\/buy-logo-medium.png' border='0' name='submit' alt='Make your payments with PayPal. It is free, secure, effective.'><img alt='' border='0' style='border:none;display:none;' src='https:\/\/www.paypal.com\/EN_US\/i\/scr\/pixel.gif' width='1' height='1'><\/form><\/div>\n<p>&nbsp;<\/p>\n<p>Premium Membership \u2013 EUR 300<\/p>\n<p>Alle Leistungen aus \u201eExtended\u201c Pack<br \/>Editorial (z.B. Produkt-Review, Event Wrap, mind. 300 W\u00f6rter, 2 Sprachen)<br \/>Listung Affiliate Shop auf Pinterest und Fabdrinx eShop (in Erarbeitung)<br \/>Instagram Branding Day (Feed und Stories)<br \/>Beispiel Editorial: Interview with \/ mit Sipsmith Master Distiller Jared Brown<\/p>\n<div style='float: left;'><form target='' action='https:\/\/www.paypal.com\/cgi-bin\/webscr' method='post'><input type='hidden' name='cmd' value='_xclick' \/><input type='hidden' name='business' value='eileen.schuch@coolbrandz.com' \/><input type='hidden' name='item_name' value='Fabdrinx Premium Membership' \/><input type='hidden' name='currency_code' value='EUR' \/><input type='hidden' name='amount' value='300.00' \/><input type='hidden' name='lc' value='EN_US'><input type='hidden' name='no_note' value=''><input type='hidden' name='paymentaction' value='sale'><input type='hidden' name='return' value='' \/><input type='hidden' name='bn' value='WPPlugin_SP'><input type='hidden' name='cancel_return' value='' \/><input style='border: none;' class='paypalbuttonimage' type='image' src='https:\/\/www.paypalobjects.com\/webstatic\/en_US\/i\/buttons\/buy-logo-medium.png' border='0' name='submit' alt='Make your payments with PayPal. It is free, secure, effective.'><img alt='' border='0' style='border:none;display:none;' src='https:\/\/www.paypal.com\/EN_US\/i\/scr\/pixel.gif' width='1' height='1'><\/form><\/div>\n<p>&nbsp;<\/p>\n<p>[\/et_pb_text][\/et_pb_column][\/et_pb_row][\/et_pb_section]<\/p>\n<p><a href=\"\/\/www.pinterest.com\/pin\/create\/button\/\" data-pin-do=\"buttonBookmark\" data-pin-color=\"red\" data-pin-height=\"128\"><img decoding=\"async\" src=\"\/\/assets.pinterest.com\/images\/pidgets\/pinit_fg_en_rect_red_28.png\" \/><\/a><\/p>","protected":false},"excerpt":{"rendered":"<p>Ein neuer Playground f\u00fcr Drinks-Enthusiasten Endlich! Nach dem Corona Lockdown \u00f6ffnen nun viele Restaurants und Bars im Mai wieder. F\u00fcr unsere Freunde in der Branche bedeutet dies zu zeigen, dass die Schutzma\u00dfnahmen eingehalten werden und dass sie bereit sind, G\u00e4ste zu empfangen. Mit fabdrinx.com haben wir einen Playground kreiert, der Getr\u00e4nkemarken, Bars und deren jeweilige [&hellip;]<\/p>\n","protected":false},"author":1,"featured_media":34586,"parent":0,"menu_order":0,"comment_status":"closed","ping_status":"closed","template":"","meta":{"_et_pb_use_builder":"on","_et_pb_old_content":"","_et_gb_content_width":"","footnotes":""},"class_list":["post-29183","page","type-page","status-publish","has-post-thumbnail","hentry"],"yoast_head":"<!-- This site is optimized with the Yoast SEO plugin v27.4 - https:\/\/yoast.com\/product\/yoast-seo-wordpress\/ -->\n<title>launch fabdrinx - Fabdrinx<\/title>\n<meta name=\"robots\" content=\"index, follow, max-snippet:-1, max-image-preview:large, max-video-preview:-1\" \/>\n<link rel=\"canonical\" href=\"https:\/\/fabdrinx.com\/de\/launch-fabdrinx\/\" \/>\n<meta property=\"og:locale\" content=\"de_DE\" \/>\n<meta property=\"og:type\" content=\"article\" \/>\n<meta property=\"og:title\" content=\"launch fabdrinx - Fabdrinx\" \/>\n<meta property=\"og:description\" content=\"Ein neuer Playground f\u00fcr Drinks-Enthusiasten Endlich! Nach dem Corona Lockdown \u00f6ffnen nun viele Restaurants und Bars im Mai wieder. F\u00fcr unsere Freunde in der Branche bedeutet dies zu zeigen, dass die Schutzma\u00dfnahmen eingehalten werden und dass sie bereit sind, G\u00e4ste zu empfangen. Mit fabdrinx.com haben wir einen Playground kreiert, der Getr\u00e4nkemarken, Bars und deren jeweilige [&hellip;]\" \/>\n<meta property=\"og:url\" content=\"https:\/\/fabdrinx.com\/de\/launch-fabdrinx\/\" \/>\n<meta property=\"og:site_name\" content=\"Fabdrinx\" \/>\n<meta property=\"article:publisher\" content=\"https:\/\/www.facebook.com\/fabdrinx\/\" \/>\n<meta property=\"article:modified_time\" content=\"2022-09-22T21:25:23+00:00\" \/>\n<meta property=\"og:image\" content=\"https:\/\/fabdrinx.com\/wp-content\/uploads\/2022\/09\/Fabdrinx-Community-Drinks-Bars-Launch-1.png\" \/>\n\t<meta property=\"og:image:width\" content=\"875\" \/>\n\t<meta property=\"og:image:height\" content=\"492\" \/>\n\t<meta property=\"og:image:type\" content=\"image\/png\" \/>\n<meta name=\"twitter:card\" content=\"summary_large_image\" \/>\n<meta name=\"twitter:site\" content=\"@fabdrinx\" \/>\n<meta name=\"twitter:label1\" content=\"Gesch\u00e4tzte Lesezeit\" \/>\n\t<meta name=\"twitter:data1\" content=\"3\u00a0Minuten\" \/>\n<script type=\"application\/ld+json\" class=\"yoast-schema-graph\">{\"@context\":\"https:\\\/\\\/schema.org\",\"@graph\":[{\"@type\":\"WebPage\",\"@id\":\"https:\\\/\\\/fabdrinx.com\\\/de\\\/launch-fabdrinx\\\/\",\"url\":\"https:\\\/\\\/fabdrinx.com\\\/de\\\/launch-fabdrinx\\\/\",\"name\":\"launch fabdrinx - Fabdrinx\",\"isPartOf\":{\"@id\":\"https:\\\/\\\/fabdrinx.com\\\/de\\\/#website\"},\"primaryImageOfPage\":{\"@id\":\"https:\\\/\\\/fabdrinx.com\\\/de\\\/launch-fabdrinx\\\/#primaryimage\"},\"image\":{\"@id\":\"https:\\\/\\\/fabdrinx.com\\\/de\\\/launch-fabdrinx\\\/#primaryimage\"},\"thumbnailUrl\":\"https:\\\/\\\/fabdrinx.com\\\/wp-content\\\/uploads\\\/2022\\\/09\\\/Fabdrinx-Community-Drinks-Bars-Launch-1.png\",\"datePublished\":\"2022-09-18T12:07:10+00:00\",\"dateModified\":\"2022-09-22T21:25:23+00:00\",\"breadcrumb\":{\"@id\":\"https:\\\/\\\/fabdrinx.com\\\/de\\\/launch-fabdrinx\\\/#breadcrumb\"},\"inLanguage\":\"de\",\"potentialAction\":[{\"@type\":\"ReadAction\",\"target\":[\"https:\\\/\\\/fabdrinx.com\\\/de\\\/launch-fabdrinx\\\/\"]}]},{\"@type\":\"ImageObject\",\"inLanguage\":\"de\",\"@id\":\"https:\\\/\\\/fabdrinx.com\\\/de\\\/launch-fabdrinx\\\/#primaryimage\",\"url\":\"https:\\\/\\\/fabdrinx.com\\\/wp-content\\\/uploads\\\/2022\\\/09\\\/Fabdrinx-Community-Drinks-Bars-Launch-1.png\",\"contentUrl\":\"https:\\\/\\\/fabdrinx.com\\\/wp-content\\\/uploads\\\/2022\\\/09\\\/Fabdrinx-Community-Drinks-Bars-Launch-1.png\",\"width\":875,\"height\":492},{\"@type\":\"BreadcrumbList\",\"@id\":\"https:\\\/\\\/fabdrinx.com\\\/de\\\/launch-fabdrinx\\\/#breadcrumb\",\"itemListElement\":[{\"@type\":\"ListItem\",\"position\":1,\"name\":\"Accueil\",\"item\":\"https:\\\/\\\/fabdrinx.com\\\/de\\\/\"},{\"@type\":\"ListItem\",\"position\":2,\"name\":\"launch fabdrinx\"}]},{\"@type\":\"WebSite\",\"@id\":\"https:\\\/\\\/fabdrinx.com\\\/de\\\/#website\",\"url\":\"https:\\\/\\\/fabdrinx.com\\\/de\\\/\",\"name\":\"Fabdrinx\",\"description\":\"Fabulous drinks and fine things\",\"publisher\":{\"@id\":\"https:\\\/\\\/fabdrinx.com\\\/de\\\/#organization\"},\"potentialAction\":[{\"@type\":\"SearchAction\",\"target\":{\"@type\":\"EntryPoint\",\"urlTemplate\":\"https:\\\/\\\/fabdrinx.com\\\/de\\\/?s={search_term_string}\"},\"query-input\":{\"@type\":\"PropertyValueSpecification\",\"valueRequired\":true,\"valueName\":\"search_term_string\"}}],\"inLanguage\":\"de\"},{\"@type\":\"Organization\",\"@id\":\"https:\\\/\\\/fabdrinx.com\\\/de\\\/#organization\",\"name\":\"Fabdrinx\",\"url\":\"https:\\\/\\\/fabdrinx.com\\\/de\\\/\",\"logo\":{\"@type\":\"ImageObject\",\"inLanguage\":\"de\",\"@id\":\"https:\\\/\\\/fabdrinx.com\\\/de\\\/#\\\/schema\\\/logo\\\/image\\\/\",\"url\":\"https:\\\/\\\/fnskaumfs.preview.infomaniak.website\\\/wp-content\\\/uploads\\\/2022\\\/09\\\/android-icon-192x192-1.png\",\"contentUrl\":\"https:\\\/\\\/fnskaumfs.preview.infomaniak.website\\\/wp-content\\\/uploads\\\/2022\\\/09\\\/android-icon-192x192-1.png\",\"width\":192,\"height\":192,\"caption\":\"Fabdrinx\"},\"image\":{\"@id\":\"https:\\\/\\\/fabdrinx.com\\\/de\\\/#\\\/schema\\\/logo\\\/image\\\/\"},\"sameAs\":[\"https:\\\/\\\/www.facebook.com\\\/fabdrinx\\\/\",\"https:\\\/\\\/x.com\\\/fabdrinx\",\"https:\\\/\\\/www.instagram.com\\\/fabdrinx\\\/\",\"https:\\\/\\\/www.pinterest.de\\\/fabdrinx\\\/\",\"https:\\\/\\\/www.youtube.com\\\/user\\\/fabdrinx\\\/\"]}]}<\/script>\n<!-- \/ Yoast SEO plugin. -->","yoast_head_json":{"title":"launch fabdrinx - Fabdrinx","robots":{"index":"index","follow":"follow","max-snippet":"max-snippet:-1","max-image-preview":"max-image-preview:large","max-video-preview":"max-video-preview:-1"},"canonical":"https:\/\/fabdrinx.com\/de\/launch-fabdrinx\/","og_locale":"de_DE","og_type":"article","og_title":"launch fabdrinx - Fabdrinx","og_description":"Ein neuer Playground f\u00fcr Drinks-Enthusiasten Endlich! Nach dem Corona Lockdown \u00f6ffnen nun viele Restaurants und Bars im Mai wieder. F\u00fcr unsere Freunde in der Branche bedeutet dies zu zeigen, dass die Schutzma\u00dfnahmen eingehalten werden und dass sie bereit sind, G\u00e4ste zu empfangen. Mit fabdrinx.com haben wir einen Playground kreiert, der Getr\u00e4nkemarken, Bars und deren jeweilige [&hellip;]","og_url":"https:\/\/fabdrinx.com\/de\/launch-fabdrinx\/","og_site_name":"Fabdrinx","article_publisher":"https:\/\/www.facebook.com\/fabdrinx\/","article_modified_time":"2022-09-22T21:25:23+00:00","og_image":[{"width":875,"height":492,"url":"https:\/\/fabdrinx.com\/wp-content\/uploads\/2022\/09\/Fabdrinx-Community-Drinks-Bars-Launch-1.png","type":"image\/png"}],"twitter_card":"summary_large_image","twitter_site":"@fabdrinx","twitter_misc":{"Gesch\u00e4tzte Lesezeit":"3\u00a0Minuten"},"schema":{"@context":"https:\/\/schema.org","@graph":[{"@type":"WebPage","@id":"https:\/\/fabdrinx.com\/de\/launch-fabdrinx\/","url":"https:\/\/fabdrinx.com\/de\/launch-fabdrinx\/","name":"launch fabdrinx - Fabdrinx","isPartOf":{"@id":"https:\/\/fabdrinx.com\/de\/#website"},"primaryImageOfPage":{"@id":"https:\/\/fabdrinx.com\/de\/launch-fabdrinx\/#primaryimage"},"image":{"@id":"https:\/\/fabdrinx.com\/de\/launch-fabdrinx\/#primaryimage"},"thumbnailUrl":"https:\/\/fabdrinx.com\/wp-content\/uploads\/2022\/09\/Fabdrinx-Community-Drinks-Bars-Launch-1.png","datePublished":"2022-09-18T12:07:10+00:00","dateModified":"2022-09-22T21:25:23+00:00","breadcrumb":{"@id":"https:\/\/fabdrinx.com\/de\/launch-fabdrinx\/#breadcrumb"},"inLanguage":"de","potentialAction":[{"@type":"ReadAction","target":["https:\/\/fabdrinx.com\/de\/launch-fabdrinx\/"]}]},{"@type":"ImageObject","inLanguage":"de","@id":"https:\/\/fabdrinx.com\/de\/launch-fabdrinx\/#primaryimage","url":"https:\/\/fabdrinx.com\/wp-content\/uploads\/2022\/09\/Fabdrinx-Community-Drinks-Bars-Launch-1.png","contentUrl":"https:\/\/fabdrinx.com\/wp-content\/uploads\/2022\/09\/Fabdrinx-Community-Drinks-Bars-Launch-1.png","width":875,"height":492},{"@type":"BreadcrumbList","@id":"https:\/\/fabdrinx.com\/de\/launch-fabdrinx\/#breadcrumb","itemListElement":[{"@type":"ListItem","position":1,"name":"Accueil","item":"https:\/\/fabdrinx.com\/de\/"},{"@type":"ListItem","position":2,"name":"launch fabdrinx"}]},{"@type":"WebSite","@id":"https:\/\/fabdrinx.com\/de\/#website","url":"https:\/\/fabdrinx.com\/de\/","name":"Fabdrinx","description":"Fabulous drinks and fine things","publisher":{"@id":"https:\/\/fabdrinx.com\/de\/#organization"},"potentialAction":[{"@type":"SearchAction","target":{"@type":"EntryPoint","urlTemplate":"https:\/\/fabdrinx.com\/de\/?s={search_term_string}"},"query-input":{"@type":"PropertyValueSpecification","valueRequired":true,"valueName":"search_term_string"}}],"inLanguage":"de"},{"@type":"Organization","@id":"https:\/\/fabdrinx.com\/de\/#organization","name":"Fabdrinx","url":"https:\/\/fabdrinx.com\/de\/","logo":{"@type":"ImageObject","inLanguage":"de","@id":"https:\/\/fabdrinx.com\/de\/#\/schema\/logo\/image\/","url":"https:\/\/fnskaumfs.preview.infomaniak.website\/wp-content\/uploads\/2022\/09\/android-icon-192x192-1.png","contentUrl":"https:\/\/fnskaumfs.preview.infomaniak.website\/wp-content\/uploads\/2022\/09\/android-icon-192x192-1.png","width":192,"height":192,"caption":"Fabdrinx"},"image":{"@id":"https:\/\/fabdrinx.com\/de\/#\/schema\/logo\/image\/"},"sameAs":["https:\/\/www.facebook.com\/fabdrinx\/","https:\/\/x.com\/fabdrinx","https:\/\/www.instagram.com\/fabdrinx\/","https:\/\/www.pinterest.de\/fabdrinx\/","https:\/\/www.youtube.com\/user\/fabdrinx\/"]}]}},"_links":{"self":[{"href":"https:\/\/fabdrinx.com\/de\/wp-json\/wp\/v2\/pages\/29183","targetHints":{"allow":["GET"]}}],"collection":[{"href":"https:\/\/fabdrinx.com\/de\/wp-json\/wp\/v2\/pages"}],"about":[{"href":"https:\/\/fabdrinx.com\/de\/wp-json\/wp\/v2\/types\/page"}],"author":[{"embeddable":true,"href":"https:\/\/fabdrinx.com\/de\/wp-json\/wp\/v2\/users\/1"}],"replies":[{"embeddable":true,"href":"https:\/\/fabdrinx.com\/de\/wp-json\/wp\/v2\/comments?post=29183"}],"version-history":[{"count":22,"href":"https:\/\/fabdrinx.com\/de\/wp-json\/wp\/v2\/pages\/29183\/revisions"}],"predecessor-version":[{"id":34647,"href":"https:\/\/fabdrinx.com\/de\/wp-json\/wp\/v2\/pages\/29183\/revisions\/34647"}],"wp:featuredmedia":[{"embeddable":true,"href":"https:\/\/fabdrinx.com\/de\/wp-json\/wp\/v2\/media\/34586"}],"wp:attachment":[{"href":"https:\/\/fabdrinx.com\/de\/wp-json\/wp\/v2\/media?parent=29183"}],"curies":[{"name":"wp","href":"https:\/\/api.w.org\/{rel}","templated":true}]}}