{"id":29239,"date":"2017-02-16T09:16:27","date_gmt":"2017-02-16T08:16:27","guid":{"rendered":"https:\/\/fnskaumfs.preview.infomaniak.website\/services\/"},"modified":"2022-09-19T15:51:53","modified_gmt":"2022-09-19T13:51:53","slug":"services","status":"publish","type":"page","link":"https:\/\/fabdrinx.com\/de\/services\/","title":{"rendered":"SERVICES"},"content":{"rendered":"<p>[et_pb_section fb_built=&#8220;1&#8243; _builder_version=&#8220;4.18.0&#8243; _module_preset=&#8220;default&#8220; global_colors_info=&#8220;{}&#8220;][et_pb_row _builder_version=&#8220;4.18.0&#8243; _module_preset=&#8220;default&#8220; global_colors_info=&#8220;{}&#8220;][et_pb_column type=&#8220;4_4&#8243; _builder_version=&#8220;4.18.0&#8243; _module_preset=&#8220;default&#8220; global_colors_info=&#8220;{}&#8220;][et_pb_text _builder_version=&#8220;4.18.0&#8243; _module_preset=&#8220;default&#8220; hover_enabled=&#8220;0&#8243; global_colors_info=&#8220;{}&#8220; text_font=&#8220;|300|||||||&#8220; sticky_enabled=&#8220;0&#8243;]<\/p>\n<h1>\u00dcber uns<\/h1>\n<p>Fabdrinx ist ein <em>esprit<\/em>. Es geht um Lifestyle, Getr\u00e4nkekultur, Handwerk, Innovation, Barleben, Mixologie, Essen und Trinken, kulinarische Erlebnisse, die Orte, die sie anbieten \u2013 Hotels, Restaurants, Bars; die Menschen, die sie kreieren und servieren, und diejenigen, die sie genie\u00dfen. Fabdrinx vereint alle, die eine Leidenschaft f\u00fcr Getr\u00e4nke haben, mehr wissen wollen, ihr Wissen teilen wollen; Branchenprofis, Kenner und Verbraucher, alle H\u00fcter von <em>savoir faire<\/em> und <em>savoir vivre<\/em> .<\/p>\n<p>Fabdrinx ist ein Startup-Projekt. Die Gr\u00fcndungspartner sind Branchenprofis, alle digital versiert und leidenschaftliche Unternehmer mit Marketingerfahrung. Erg\u00e4nzende F\u00e4higkeiten erm\u00f6glichen es ihnen, das Projekt in jeder Sprachregion der Schweiz, in Deutschland und \u00d6sterreich voranzutreiben.<\/p>\n<p>Beginnend mit dem Aufbau einer Online-Pr\u00e4senz \u00fcber soziale Medien, wird sich Fabdrinx zu einer Marketingplattform entwickeln, die eine sehr affine, interessierte und einflussreiche Community, ein Blogzine und einen Shop umfasst. Partner von Fabdrinx profitieren von einer Vielzahl von Kommunikations- und Marketingm\u00f6glichkeiten: Visibility, Zugang zu einer gro\u00dfen Kundenbasis, Traffic- und Lead-Generierung, gezieltes Seeding von Produkten und Inhalten, Engagement-Techniken, B2B-Synergien, Influencer und Blogger Relations, Organisation von Events, Erstellen von Inhalten, Community Aufbau, Social Marketing, E-Commerce und Beratung\u2026<\/p>\n<p>Neben seiner eigenen wachsenden Community und Online-Pr\u00e4senz, kann sich Fabdrinx auf die Amplifikation durch mehrere Blogger und Content Producer st\u00fctzen, von denen viele Influencer in ihren jeweiligen Bereichen sind. Alle sind stark vernetzte, digital versierte, kreative Menschen, die eine Task Force darstellen, die Fabdrinx Partner f\u00fcr ihre Marke aktivieren k\u00f6nnen. Zu den Kunden, mit denen wir bereits zusammengearbeitet haben, geh\u00f6ren: gro\u00dfe Unternehmen wie AB InBev, Beam Suntory, Campari, Carlsberg, LVMH (Getr\u00e4nkeportfolio), Nespresso, Radeberger\u2026 aber auch kleine Unternehmen und Startups, Veranstaltungen und Pers\u00f6nlichkeiten.<\/p>\n<p>[\/et_pb_text][et_pb_text _builder_version=&#8220;4.18.0&#8243; _module_preset=&#8220;default&#8220; hover_enabled=&#8220;0&#8243; global_colors_info=&#8220;{}&#8220; text_font=&#8220;|300|||||||&#8220; sticky_enabled=&#8220;0&#8243;]<\/p>\n<p><strong>Vorteile f\u00fcr Fabdrinx Partner<\/strong><\/p>\n<p>Unsere Partner k\u00f6nnen vom Full-Service-Portfolio und verschiedenen Paketen profitieren. Von der Beratung \u00fcber die Kommunikation, vom Konzept bis zur Produktion von Inhalten, von der Werbung \u00fcber die Amplifikation bis zur Viralisierung, vom Produkt-Seeding und -Verkauf. Alle Vorteile hier zusammengefasst:<\/p>\n<ul>\n<li>F\u00fcr Unternehmen: Fabdrinx verbindet Getr\u00e4nkemarken und Unternehmen in diesem Bereich mit Verbrauchern, beschleunigt Produkteinf\u00fchrungen, produziert Inhalte, verst\u00e4rkt die Online-Kommunikation und bietet eine originellere Art der Kommunikation mit markenspezifischen Zielgruppen.<\/li>\n<li>F\u00fcr Verbraucher: Fabdrinx m\u00f6chte die Verbraucher \u00fcber neue Getr\u00e4nke und ihre Lieblingsmarken informieren, Rezepte und Veranstaltungen vorschlagen, ihnen helfen, Angebote und Deals zu finden, Gutscheine und Goodies zu erhalten und fabelhafte Getr\u00e4nke online zu kaufen.<\/li>\n<li>F\u00fcr Blogger: Fabdrinx verbindet Content-Producer mit Marken und teilt Blogger-Inhalte (Rezeptideen, Cocktails usw.), tr\u00e4gt zur Sichtbarkeit bei und erm\u00f6glicht den Zugang zu fantastischen Produkterlebnissen, entwickelt personalisierte und nachhaltige Gesch\u00e4ftsmodelle, die auf Umsatzbeteiligung basieren.<\/li>\n<li>F\u00fcr Medien: Fabdrinx kann ausgew\u00e4hlte Inhalte von Medien, die auf Kommunikation im Zusammenhang mit Getr\u00e4nken spezialisiert sind, teilen und promoten.<\/li>\n<li>F\u00fcr Agenturen: Fabdrinx kann Kampagnen durchf\u00fchren (Contents, Launches, Social Media, Werbung usw.)<\/li>\n<\/ul>\n<p>[\/et_pb_text][\/et_pb_column][\/et_pb_row][\/et_pb_section]<\/p>\n<p><a href=\"\/\/www.pinterest.com\/pin\/create\/button\/\" data-pin-do=\"buttonBookmark\" data-pin-color=\"red\" data-pin-height=\"128\"><img decoding=\"async\" src=\"\/\/assets.pinterest.com\/images\/pidgets\/pinit_fg_en_rect_red_28.png\" \/><\/a><\/p>","protected":false},"excerpt":{"rendered":"<p>\u00dcber uns Fabdrinx ist ein esprit. Es geht um Lifestyle, Getr\u00e4nkekultur, Handwerk, Innovation, Barleben, Mixologie, Essen und Trinken, kulinarische Erlebnisse, die Orte, die sie anbieten \u2013 Hotels, Restaurants, Bars; die Menschen, die sie kreieren und servieren, und diejenigen, die sie genie\u00dfen. Fabdrinx vereint alle, die eine Leidenschaft f\u00fcr Getr\u00e4nke haben, mehr wissen wollen, ihr Wissen [&hellip;]<\/p>\n","protected":false},"author":1,"featured_media":0,"parent":0,"menu_order":0,"comment_status":"closed","ping_status":"closed","template":"","meta":{"_et_pb_use_builder":"on","_et_pb_old_content":"","_et_gb_content_width":"","footnotes":""},"class_list":["post-29239","page","type-page","status-publish","hentry"],"yoast_head":"<!-- This site is optimized with the Yoast SEO plugin v27.3 - https:\/\/yoast.com\/product\/yoast-seo-wordpress\/ -->\n<title>SERVICES - Fabdrinx<\/title>\n<meta name=\"robots\" content=\"index, follow, max-snippet:-1, max-image-preview:large, max-video-preview:-1\" \/>\n<link rel=\"canonical\" href=\"https:\/\/fabdrinx.com\/de\/services\/\" \/>\n<meta property=\"og:locale\" content=\"de_DE\" \/>\n<meta property=\"og:type\" content=\"article\" \/>\n<meta property=\"og:title\" content=\"SERVICES - Fabdrinx\" \/>\n<meta property=\"og:description\" content=\"\u00dcber uns Fabdrinx ist ein esprit. Es geht um Lifestyle, Getr\u00e4nkekultur, Handwerk, Innovation, Barleben, Mixologie, Essen und Trinken, kulinarische Erlebnisse, die Orte, die sie anbieten \u2013 Hotels, Restaurants, Bars; die Menschen, die sie kreieren und servieren, und diejenigen, die sie genie\u00dfen. Fabdrinx vereint alle, die eine Leidenschaft f\u00fcr Getr\u00e4nke haben, mehr wissen wollen, ihr Wissen [&hellip;]\" \/>\n<meta property=\"og:url\" content=\"https:\/\/fabdrinx.com\/de\/services\/\" \/>\n<meta property=\"og:site_name\" content=\"Fabdrinx\" \/>\n<meta property=\"article:publisher\" content=\"https:\/\/www.facebook.com\/fabdrinx\/\" \/>\n<meta property=\"article:modified_time\" content=\"2022-09-19T13:51:53+00:00\" \/>\n<meta name=\"twitter:card\" content=\"summary_large_image\" \/>\n<meta name=\"twitter:site\" content=\"@fabdrinx\" \/>\n<meta name=\"twitter:label1\" content=\"Gesch\u00e4tzte Lesezeit\" \/>\n\t<meta name=\"twitter:data1\" content=\"3\u00a0Minuten\" \/>\n<script type=\"application\/ld+json\" class=\"yoast-schema-graph\">{\"@context\":\"https:\\\/\\\/schema.org\",\"@graph\":[{\"@type\":\"WebPage\",\"@id\":\"https:\\\/\\\/fabdrinx.com\\\/de\\\/services\\\/\",\"url\":\"https:\\\/\\\/fabdrinx.com\\\/de\\\/services\\\/\",\"name\":\"SERVICES - Fabdrinx\",\"isPartOf\":{\"@id\":\"https:\\\/\\\/fabdrinx.com\\\/de\\\/#website\"},\"datePublished\":\"2017-02-16T08:16:27+00:00\",\"dateModified\":\"2022-09-19T13:51:53+00:00\",\"breadcrumb\":{\"@id\":\"https:\\\/\\\/fabdrinx.com\\\/de\\\/services\\\/#breadcrumb\"},\"inLanguage\":\"de\",\"potentialAction\":[{\"@type\":\"ReadAction\",\"target\":[\"https:\\\/\\\/fabdrinx.com\\\/de\\\/services\\\/\"]}]},{\"@type\":\"BreadcrumbList\",\"@id\":\"https:\\\/\\\/fabdrinx.com\\\/de\\\/services\\\/#breadcrumb\",\"itemListElement\":[{\"@type\":\"ListItem\",\"position\":1,\"name\":\"Accueil\",\"item\":\"https:\\\/\\\/fabdrinx.com\\\/de\\\/\"},{\"@type\":\"ListItem\",\"position\":2,\"name\":\"SERVICES\"}]},{\"@type\":\"WebSite\",\"@id\":\"https:\\\/\\\/fabdrinx.com\\\/de\\\/#website\",\"url\":\"https:\\\/\\\/fabdrinx.com\\\/de\\\/\",\"name\":\"Fabdrinx\",\"description\":\"Fabulous drinks and fine things\",\"publisher\":{\"@id\":\"https:\\\/\\\/fabdrinx.com\\\/de\\\/#organization\"},\"potentialAction\":[{\"@type\":\"SearchAction\",\"target\":{\"@type\":\"EntryPoint\",\"urlTemplate\":\"https:\\\/\\\/fabdrinx.com\\\/de\\\/?s={search_term_string}\"},\"query-input\":{\"@type\":\"PropertyValueSpecification\",\"valueRequired\":true,\"valueName\":\"search_term_string\"}}],\"inLanguage\":\"de\"},{\"@type\":\"Organization\",\"@id\":\"https:\\\/\\\/fabdrinx.com\\\/de\\\/#organization\",\"name\":\"Fabdrinx\",\"url\":\"https:\\\/\\\/fabdrinx.com\\\/de\\\/\",\"logo\":{\"@type\":\"ImageObject\",\"inLanguage\":\"de\",\"@id\":\"https:\\\/\\\/fabdrinx.com\\\/de\\\/#\\\/schema\\\/logo\\\/image\\\/\",\"url\":\"https:\\\/\\\/fnskaumfs.preview.infomaniak.website\\\/wp-content\\\/uploads\\\/2022\\\/09\\\/android-icon-192x192-1.png\",\"contentUrl\":\"https:\\\/\\\/fnskaumfs.preview.infomaniak.website\\\/wp-content\\\/uploads\\\/2022\\\/09\\\/android-icon-192x192-1.png\",\"width\":192,\"height\":192,\"caption\":\"Fabdrinx\"},\"image\":{\"@id\":\"https:\\\/\\\/fabdrinx.com\\\/de\\\/#\\\/schema\\\/logo\\\/image\\\/\"},\"sameAs\":[\"https:\\\/\\\/www.facebook.com\\\/fabdrinx\\\/\",\"https:\\\/\\\/x.com\\\/fabdrinx\",\"https:\\\/\\\/www.instagram.com\\\/fabdrinx\\\/\",\"https:\\\/\\\/www.pinterest.de\\\/fabdrinx\\\/\",\"https:\\\/\\\/www.youtube.com\\\/user\\\/fabdrinx\\\/\"]}]}<\/script>\n<!-- \/ Yoast SEO plugin. -->","yoast_head_json":{"title":"SERVICES - Fabdrinx","robots":{"index":"index","follow":"follow","max-snippet":"max-snippet:-1","max-image-preview":"max-image-preview:large","max-video-preview":"max-video-preview:-1"},"canonical":"https:\/\/fabdrinx.com\/de\/services\/","og_locale":"de_DE","og_type":"article","og_title":"SERVICES - Fabdrinx","og_description":"\u00dcber uns Fabdrinx ist ein esprit. Es geht um Lifestyle, Getr\u00e4nkekultur, Handwerk, Innovation, Barleben, Mixologie, Essen und Trinken, kulinarische Erlebnisse, die Orte, die sie anbieten \u2013 Hotels, Restaurants, Bars; die Menschen, die sie kreieren und servieren, und diejenigen, die sie genie\u00dfen. Fabdrinx vereint alle, die eine Leidenschaft f\u00fcr Getr\u00e4nke haben, mehr wissen wollen, ihr Wissen [&hellip;]","og_url":"https:\/\/fabdrinx.com\/de\/services\/","og_site_name":"Fabdrinx","article_publisher":"https:\/\/www.facebook.com\/fabdrinx\/","article_modified_time":"2022-09-19T13:51:53+00:00","twitter_card":"summary_large_image","twitter_site":"@fabdrinx","twitter_misc":{"Gesch\u00e4tzte Lesezeit":"3\u00a0Minuten"},"schema":{"@context":"https:\/\/schema.org","@graph":[{"@type":"WebPage","@id":"https:\/\/fabdrinx.com\/de\/services\/","url":"https:\/\/fabdrinx.com\/de\/services\/","name":"SERVICES - Fabdrinx","isPartOf":{"@id":"https:\/\/fabdrinx.com\/de\/#website"},"datePublished":"2017-02-16T08:16:27+00:00","dateModified":"2022-09-19T13:51:53+00:00","breadcrumb":{"@id":"https:\/\/fabdrinx.com\/de\/services\/#breadcrumb"},"inLanguage":"de","potentialAction":[{"@type":"ReadAction","target":["https:\/\/fabdrinx.com\/de\/services\/"]}]},{"@type":"BreadcrumbList","@id":"https:\/\/fabdrinx.com\/de\/services\/#breadcrumb","itemListElement":[{"@type":"ListItem","position":1,"name":"Accueil","item":"https:\/\/fabdrinx.com\/de\/"},{"@type":"ListItem","position":2,"name":"SERVICES"}]},{"@type":"WebSite","@id":"https:\/\/fabdrinx.com\/de\/#website","url":"https:\/\/fabdrinx.com\/de\/","name":"Fabdrinx","description":"Fabulous drinks and fine things","publisher":{"@id":"https:\/\/fabdrinx.com\/de\/#organization"},"potentialAction":[{"@type":"SearchAction","target":{"@type":"EntryPoint","urlTemplate":"https:\/\/fabdrinx.com\/de\/?s={search_term_string}"},"query-input":{"@type":"PropertyValueSpecification","valueRequired":true,"valueName":"search_term_string"}}],"inLanguage":"de"},{"@type":"Organization","@id":"https:\/\/fabdrinx.com\/de\/#organization","name":"Fabdrinx","url":"https:\/\/fabdrinx.com\/de\/","logo":{"@type":"ImageObject","inLanguage":"de","@id":"https:\/\/fabdrinx.com\/de\/#\/schema\/logo\/image\/","url":"https:\/\/fnskaumfs.preview.infomaniak.website\/wp-content\/uploads\/2022\/09\/android-icon-192x192-1.png","contentUrl":"https:\/\/fnskaumfs.preview.infomaniak.website\/wp-content\/uploads\/2022\/09\/android-icon-192x192-1.png","width":192,"height":192,"caption":"Fabdrinx"},"image":{"@id":"https:\/\/fabdrinx.com\/de\/#\/schema\/logo\/image\/"},"sameAs":["https:\/\/www.facebook.com\/fabdrinx\/","https:\/\/x.com\/fabdrinx","https:\/\/www.instagram.com\/fabdrinx\/","https:\/\/www.pinterest.de\/fabdrinx\/","https:\/\/www.youtube.com\/user\/fabdrinx\/"]}]}},"_links":{"self":[{"href":"https:\/\/fabdrinx.com\/de\/wp-json\/wp\/v2\/pages\/29239","targetHints":{"allow":["GET"]}}],"collection":[{"href":"https:\/\/fabdrinx.com\/de\/wp-json\/wp\/v2\/pages"}],"about":[{"href":"https:\/\/fabdrinx.com\/de\/wp-json\/wp\/v2\/types\/page"}],"author":[{"embeddable":true,"href":"https:\/\/fabdrinx.com\/de\/wp-json\/wp\/v2\/users\/1"}],"replies":[{"embeddable":true,"href":"https:\/\/fabdrinx.com\/de\/wp-json\/wp\/v2\/comments?post=29239"}],"version-history":[{"count":10,"href":"https:\/\/fabdrinx.com\/de\/wp-json\/wp\/v2\/pages\/29239\/revisions"}],"predecessor-version":[{"id":29252,"href":"https:\/\/fabdrinx.com\/de\/wp-json\/wp\/v2\/pages\/29239\/revisions\/29252"}],"wp:attachment":[{"href":"https:\/\/fabdrinx.com\/de\/wp-json\/wp\/v2\/media?parent=29239"}],"curies":[{"name":"wp","href":"https:\/\/api.w.org\/{rel}","templated":true}]}}