{"id":1557,"date":"2020-08-28T03:19:22","date_gmt":"2020-08-28T01:19:22","guid":{"rendered":"https:\/\/fabdrinx.com\/product\/paido-soda-raspberry\/"},"modified":"2022-09-14T14:23:59","modified_gmt":"2022-09-14T12:23:59","slug":"paido-soda-raspberry-2","status":"publish","type":"product","link":"https:\/\/fabdrinx.com\/de\/produit\/paido-soda-raspberry-2\/","title":{"rendered":"Paido Soda Raspberry &#8211; 6 Stk."},"content":{"rendered":"<p>Paido Soda geh\u00f6rt mit nur 20 Kalorien pro 100 ml zu den kalorienarmen Erfrischungsgetr\u00e4nken. Wer Himbeergeschmack liebt, ist mit Paido Soda Raspberry gut beraten. Das Low Calorie Getr\u00e4nk liefert dem K\u00f6rper wichtige N\u00e4hrstoffe und ist reich an Vitamin B 6 und B 12.<\/p>\n<p>Mindestbestellmenge: 6 Dosen<\/p>\n","protected":false},"excerpt":{"rendered":"<p>Paido Soda geh\u00f6rt mit nur 20 Kalorien pro 100 ml zu den kalorienarmen Erfrischungsgetr\u00e4nken. Wer Himbeergeschmack liebt, ist mit Paido Soda Raspberry gut beraten. Das Low Calorie Getr\u00e4nk liefert dem K\u00f6rper wichtige N\u00e4hrstoffe und ist reich an Vitamin B 6 und B 12.<\/p>\n<p>Mindestbestellmenge: 6 Dosen<\/p>\n","protected":false},"featured_media":29122,"comment_status":"open","ping_status":"closed","template":"","meta":{"_et_pb_use_builder":"","_et_pb_old_content":"","_et_gb_content_width":""},"product_cat":[],"product_tag":[],"class_list":["post-1557","product","type-product","status-publish","has-post-thumbnail","hentry"],"yoast_head":"<!-- This site is optimized with the Yoast SEO plugin v27.4 - https:\/\/yoast.com\/product\/yoast-seo-wordpress\/ -->\n<title>Paido Soda Raspberry - 6 Stk. - Fabdrinx<\/title>\n<meta name=\"robots\" content=\"index, follow, max-snippet:-1, max-image-preview:large, max-video-preview:-1\" \/>\n<link rel=\"canonical\" href=\"https:\/\/fabdrinx.com\/de\/produit\/paido-soda-raspberry-2\/\" \/>\n<meta property=\"og:locale\" content=\"de_DE\" \/>\n<meta property=\"og:type\" content=\"article\" \/>\n<meta property=\"og:title\" content=\"Paido Soda Raspberry - 6 Stk. - Fabdrinx\" \/>\n<meta property=\"og:description\" content=\"Paido Soda geh\u00f6rt mit nur 20 Kalorien pro 100 ml zu den kalorienarmen Erfrischungsgetr\u00e4nken. Wer Himbeergeschmack liebt, ist mit Paido Soda Raspberry gut beraten. Das Low Calorie Getr\u00e4nk liefert dem K\u00f6rper wichtige N\u00e4hrstoffe und ist reich an Vitamin B 6 und B 12.  Mindestbestellmenge: 6 Dosen\" \/>\n<meta property=\"og:url\" content=\"https:\/\/fabdrinx.com\/de\/produit\/paido-soda-raspberry-2\/\" \/>\n<meta property=\"og:site_name\" content=\"Fabdrinx\" \/>\n<meta property=\"article:publisher\" content=\"https:\/\/www.facebook.com\/fabdrinx\/\" \/>\n<meta property=\"article:modified_time\" content=\"2022-09-14T12:23:59+00:00\" \/>\n<meta property=\"og:image\" content=\"https:\/\/fabdrinx.com\/wp-content\/uploads\/2020\/08\/Paido-Soda-.png\" \/>\n\t<meta property=\"og:image:width\" content=\"770\" \/>\n\t<meta property=\"og:image:height\" content=\"736\" \/>\n\t<meta property=\"og:image:type\" content=\"image\/png\" \/>\n<meta name=\"twitter:card\" content=\"summary_large_image\" \/>\n<meta name=\"twitter:site\" content=\"@fabdrinx\" \/>\n<meta name=\"twitter:label1\" content=\"Gesch\u00e4tzte Lesezeit\" \/>\n\t<meta name=\"twitter:data1\" content=\"1\u00a0Minute\" \/>\n<script type=\"application\/ld+json\" class=\"yoast-schema-graph\">{\"@context\":\"https:\\\/\\\/schema.org\",\"@graph\":[{\"@type\":\"WebPage\",\"@id\":\"https:\\\/\\\/fabdrinx.com\\\/de\\\/produit\\\/paido-soda-raspberry-2\\\/\",\"url\":\"https:\\\/\\\/fabdrinx.com\\\/de\\\/produit\\\/paido-soda-raspberry-2\\\/\",\"name\":\"Paido Soda Raspberry - 6 Stk. - Fabdrinx\",\"isPartOf\":{\"@id\":\"https:\\\/\\\/fabdrinx.com\\\/de\\\/#website\"},\"primaryImageOfPage\":{\"@id\":\"https:\\\/\\\/fabdrinx.com\\\/de\\\/produit\\\/paido-soda-raspberry-2\\\/#primaryimage\"},\"image\":{\"@id\":\"https:\\\/\\\/fabdrinx.com\\\/de\\\/produit\\\/paido-soda-raspberry-2\\\/#primaryimage\"},\"thumbnailUrl\":\"https:\\\/\\\/fabdrinx.com\\\/wp-content\\\/uploads\\\/2020\\\/08\\\/Paido-Soda-.png\",\"datePublished\":\"2020-08-28T01:19:22+00:00\",\"dateModified\":\"2022-09-14T12:23:59+00:00\",\"breadcrumb\":{\"@id\":\"https:\\\/\\\/fabdrinx.com\\\/de\\\/produit\\\/paido-soda-raspberry-2\\\/#breadcrumb\"},\"inLanguage\":\"de\",\"potentialAction\":[{\"@type\":\"ReadAction\",\"target\":[\"https:\\\/\\\/fabdrinx.com\\\/de\\\/produit\\\/paido-soda-raspberry-2\\\/\"]}]},{\"@type\":\"ImageObject\",\"inLanguage\":\"de\",\"@id\":\"https:\\\/\\\/fabdrinx.com\\\/de\\\/produit\\\/paido-soda-raspberry-2\\\/#primaryimage\",\"url\":\"https:\\\/\\\/fabdrinx.com\\\/wp-content\\\/uploads\\\/2020\\\/08\\\/Paido-Soda-.png\",\"contentUrl\":\"https:\\\/\\\/fabdrinx.com\\\/wp-content\\\/uploads\\\/2020\\\/08\\\/Paido-Soda-.png\",\"width\":770,\"height\":736},{\"@type\":\"BreadcrumbList\",\"@id\":\"https:\\\/\\\/fabdrinx.com\\\/de\\\/produit\\\/paido-soda-raspberry-2\\\/#breadcrumb\",\"itemListElement\":[{\"@type\":\"ListItem\",\"position\":1,\"name\":\"Accueil\",\"item\":\"https:\\\/\\\/fabdrinx.com\\\/de\\\/\"},{\"@type\":\"ListItem\",\"position\":2,\"name\":\"Boutique\",\"item\":\"https:\\\/\\\/fabdrinx.com\\\/boutique\\\/\"},{\"@type\":\"ListItem\",\"position\":3,\"name\":\"Paido Soda Raspberry &#8211; 6 Stk.\"}]},{\"@type\":\"WebSite\",\"@id\":\"https:\\\/\\\/fabdrinx.com\\\/de\\\/#website\",\"url\":\"https:\\\/\\\/fabdrinx.com\\\/de\\\/\",\"name\":\"Fabdrinx\",\"description\":\"Fabulous drinks and fine things\",\"publisher\":{\"@id\":\"https:\\\/\\\/fabdrinx.com\\\/de\\\/#organization\"},\"potentialAction\":[{\"@type\":\"SearchAction\",\"target\":{\"@type\":\"EntryPoint\",\"urlTemplate\":\"https:\\\/\\\/fabdrinx.com\\\/de\\\/?s={search_term_string}\"},\"query-input\":{\"@type\":\"PropertyValueSpecification\",\"valueRequired\":true,\"valueName\":\"search_term_string\"}}],\"inLanguage\":\"de\"},{\"@type\":\"Organization\",\"@id\":\"https:\\\/\\\/fabdrinx.com\\\/de\\\/#organization\",\"name\":\"Fabdrinx\",\"url\":\"https:\\\/\\\/fabdrinx.com\\\/de\\\/\",\"logo\":{\"@type\":\"ImageObject\",\"inLanguage\":\"de\",\"@id\":\"https:\\\/\\\/fabdrinx.com\\\/de\\\/#\\\/schema\\\/logo\\\/image\\\/\",\"url\":\"https:\\\/\\\/fnskaumfs.preview.infomaniak.website\\\/wp-content\\\/uploads\\\/2022\\\/09\\\/android-icon-192x192-1.png\",\"contentUrl\":\"https:\\\/\\\/fnskaumfs.preview.infomaniak.website\\\/wp-content\\\/uploads\\\/2022\\\/09\\\/android-icon-192x192-1.png\",\"width\":192,\"height\":192,\"caption\":\"Fabdrinx\"},\"image\":{\"@id\":\"https:\\\/\\\/fabdrinx.com\\\/de\\\/#\\\/schema\\\/logo\\\/image\\\/\"},\"sameAs\":[\"https:\\\/\\\/www.facebook.com\\\/fabdrinx\\\/\",\"https:\\\/\\\/x.com\\\/fabdrinx\",\"https:\\\/\\\/www.instagram.com\\\/fabdrinx\\\/\",\"https:\\\/\\\/www.pinterest.de\\\/fabdrinx\\\/\",\"https:\\\/\\\/www.youtube.com\\\/user\\\/fabdrinx\\\/\"]}]}<\/script>\n<!-- \/ Yoast SEO plugin. -->","yoast_head_json":{"title":"Paido Soda Raspberry - 6 Stk. - Fabdrinx","robots":{"index":"index","follow":"follow","max-snippet":"max-snippet:-1","max-image-preview":"max-image-preview:large","max-video-preview":"max-video-preview:-1"},"canonical":"https:\/\/fabdrinx.com\/de\/produit\/paido-soda-raspberry-2\/","og_locale":"de_DE","og_type":"article","og_title":"Paido Soda Raspberry - 6 Stk. - Fabdrinx","og_description":"Paido Soda geh\u00f6rt mit nur 20 Kalorien pro 100 ml zu den kalorienarmen Erfrischungsgetr\u00e4nken. Wer Himbeergeschmack liebt, ist mit Paido Soda Raspberry gut beraten. Das Low Calorie Getr\u00e4nk liefert dem K\u00f6rper wichtige N\u00e4hrstoffe und ist reich an Vitamin B 6 und B 12.  Mindestbestellmenge: 6 Dosen","og_url":"https:\/\/fabdrinx.com\/de\/produit\/paido-soda-raspberry-2\/","og_site_name":"Fabdrinx","article_publisher":"https:\/\/www.facebook.com\/fabdrinx\/","article_modified_time":"2022-09-14T12:23:59+00:00","og_image":[{"width":770,"height":736,"url":"https:\/\/fabdrinx.com\/wp-content\/uploads\/2020\/08\/Paido-Soda-.png","type":"image\/png"}],"twitter_card":"summary_large_image","twitter_site":"@fabdrinx","twitter_misc":{"Gesch\u00e4tzte Lesezeit":"1\u00a0Minute"},"schema":{"@context":"https:\/\/schema.org","@graph":[{"@type":"WebPage","@id":"https:\/\/fabdrinx.com\/de\/produit\/paido-soda-raspberry-2\/","url":"https:\/\/fabdrinx.com\/de\/produit\/paido-soda-raspberry-2\/","name":"Paido Soda Raspberry - 6 Stk. - Fabdrinx","isPartOf":{"@id":"https:\/\/fabdrinx.com\/de\/#website"},"primaryImageOfPage":{"@id":"https:\/\/fabdrinx.com\/de\/produit\/paido-soda-raspberry-2\/#primaryimage"},"image":{"@id":"https:\/\/fabdrinx.com\/de\/produit\/paido-soda-raspberry-2\/#primaryimage"},"thumbnailUrl":"https:\/\/fabdrinx.com\/wp-content\/uploads\/2020\/08\/Paido-Soda-.png","datePublished":"2020-08-28T01:19:22+00:00","dateModified":"2022-09-14T12:23:59+00:00","breadcrumb":{"@id":"https:\/\/fabdrinx.com\/de\/produit\/paido-soda-raspberry-2\/#breadcrumb"},"inLanguage":"de","potentialAction":[{"@type":"ReadAction","target":["https:\/\/fabdrinx.com\/de\/produit\/paido-soda-raspberry-2\/"]}]},{"@type":"ImageObject","inLanguage":"de","@id":"https:\/\/fabdrinx.com\/de\/produit\/paido-soda-raspberry-2\/#primaryimage","url":"https:\/\/fabdrinx.com\/wp-content\/uploads\/2020\/08\/Paido-Soda-.png","contentUrl":"https:\/\/fabdrinx.com\/wp-content\/uploads\/2020\/08\/Paido-Soda-.png","width":770,"height":736},{"@type":"BreadcrumbList","@id":"https:\/\/fabdrinx.com\/de\/produit\/paido-soda-raspberry-2\/#breadcrumb","itemListElement":[{"@type":"ListItem","position":1,"name":"Accueil","item":"https:\/\/fabdrinx.com\/de\/"},{"@type":"ListItem","position":2,"name":"Boutique","item":"https:\/\/fabdrinx.com\/boutique\/"},{"@type":"ListItem","position":3,"name":"Paido Soda Raspberry &#8211; 6 Stk."}]},{"@type":"WebSite","@id":"https:\/\/fabdrinx.com\/de\/#website","url":"https:\/\/fabdrinx.com\/de\/","name":"Fabdrinx","description":"Fabulous drinks and fine things","publisher":{"@id":"https:\/\/fabdrinx.com\/de\/#organization"},"potentialAction":[{"@type":"SearchAction","target":{"@type":"EntryPoint","urlTemplate":"https:\/\/fabdrinx.com\/de\/?s={search_term_string}"},"query-input":{"@type":"PropertyValueSpecification","valueRequired":true,"valueName":"search_term_string"}}],"inLanguage":"de"},{"@type":"Organization","@id":"https:\/\/fabdrinx.com\/de\/#organization","name":"Fabdrinx","url":"https:\/\/fabdrinx.com\/de\/","logo":{"@type":"ImageObject","inLanguage":"de","@id":"https:\/\/fabdrinx.com\/de\/#\/schema\/logo\/image\/","url":"https:\/\/fnskaumfs.preview.infomaniak.website\/wp-content\/uploads\/2022\/09\/android-icon-192x192-1.png","contentUrl":"https:\/\/fnskaumfs.preview.infomaniak.website\/wp-content\/uploads\/2022\/09\/android-icon-192x192-1.png","width":192,"height":192,"caption":"Fabdrinx"},"image":{"@id":"https:\/\/fabdrinx.com\/de\/#\/schema\/logo\/image\/"},"sameAs":["https:\/\/www.facebook.com\/fabdrinx\/","https:\/\/x.com\/fabdrinx","https:\/\/www.instagram.com\/fabdrinx\/","https:\/\/www.pinterest.de\/fabdrinx\/","https:\/\/www.youtube.com\/user\/fabdrinx\/"]}]}},"_links":{"self":[{"href":"https:\/\/fabdrinx.com\/de\/wp-json\/wp\/v2\/product\/1557","targetHints":{"allow":["GET"]}}],"collection":[{"href":"https:\/\/fabdrinx.com\/de\/wp-json\/wp\/v2\/product"}],"about":[{"href":"https:\/\/fabdrinx.com\/de\/wp-json\/wp\/v2\/types\/product"}],"replies":[{"embeddable":true,"href":"https:\/\/fabdrinx.com\/de\/wp-json\/wp\/v2\/comments?post=1557"}],"wp:featuredmedia":[{"embeddable":true,"href":"https:\/\/fabdrinx.com\/de\/wp-json\/wp\/v2\/media\/29122"}],"wp:attachment":[{"href":"https:\/\/fabdrinx.com\/de\/wp-json\/wp\/v2\/media?parent=1557"}],"wp:term":[{"taxonomy":"product_cat","embeddable":true,"href":"https:\/\/fabdrinx.com\/de\/wp-json\/wp\/v2\/product_cat?post=1557"},{"taxonomy":"product_tag","embeddable":true,"href":"https:\/\/fabdrinx.com\/de\/wp-json\/wp\/v2\/product_tag?post=1557"}],"curies":[{"name":"wp","href":"https:\/\/api.w.org\/{rel}","templated":true}]}}