{"id":2024,"date":"2020-11-28T06:53:17","date_gmt":"2020-11-28T05:53:17","guid":{"rendered":"https:\/\/fabdrinx.com\/?post_type=product&#038;p=2024"},"modified":"2022-09-14T14:17:49","modified_gmt":"2022-09-14T12:17:49","slug":"gourmet-box-steiermark","status":"publish","type":"product","link":"https:\/\/fabdrinx.com\/de\/produit\/gourmet-box-steiermark\/","title":{"rendered":"Gourmet Box Steiermark"},"content":{"rendered":"<p><strong>Die &#8222;Steirer Box&#8220;: das Beste der Steiermark jetzt direkt nach Hause<\/strong><\/p>\n<p>Mit dem Reisen, Schlemmen und Shoppen ist das ja grad so eine Sache. Durch die leeren Stra\u00dfen unsere St\u00e4dte t\u00f6nt der Hall: &#8222;Support your Local&#8220;.<\/p>\n<p>Schon, doch geht das in den vielen F\u00e4llen momentan ja nur online. Aber nicht jeder kleine Laden hat eine eigene Website, Social Media Pr\u00e4senz, Online Community oder Webshop\u2026 so bleiben viele kleine Gesch\u00e4fte auf der Strecke.<\/p>\n<p>Wir w\u00e4ren aber nicht Fabdrinx (FABelhafte Drinks\/x), h\u00e4tten wir nicht die coolsten Partner in aller Herren L\u00e4nder!<\/p>\n<p>Der wohl fabelhafteste Mais Wodka, den wir bislang gekostet haben, kommt direkt aus der Steiermark und wird von unseren Freunden von Entbrannt hergestellt. Wie sie sind wir Feuer und Flamme f\u00fcr regionale Produkte und brennen daf\u00fcr, das Beste jeder Region aufzusp\u00fcren.<\/p>\n<p>Als wir uns hinsichtlich der Lockdown Situation Gedanken dar\u00fcber machten, welchen Weg wir f\u00fcr die Zukunft einschlagen wollen, sprang der Funke sofort \u00fcber: man muss ja nicht allein gehen! Teil des Nachhaltigkeitsgedankens ist Gemeinschaft, Community. Ob nun online oder offline, wir sind st\u00e4rker wenn wir uns vereinen. So kam der Gedanke, uns mit anderen Produzenten aus der Region zu verb\u00fcnden, um euch, gesch\u00e4tzte Community, steirische Spezialit\u00e4ten nach Hause liefern zu k\u00f6nnen.<\/p>\n<p><strong>Was ist drin?<\/strong><\/p>\n<p>1 Flasche Entbrannt Mais Wodka (EUR 44,90)<br \/>\n5 Uhrturm Spezialit\u00e4ten: 2 Lebkuchen, Honig, Pesto, Senf (EUR 21,10)<br \/>\n1 K\u00fcrbis Knabberkerne (EUR 3,00)<br \/>\n1 K\u00fcrbiskern\u00f6l (EUR 6,00)<\/p>\n<p>8 Produkte in einer Box f\u00fcr den Preis von EUR 59. Jetzt vorbestellen und diese wundervollen steirischen Spezialit\u00e4ten nach Hause liefern lassen!<\/p>\n<p>Die erste Edition ist auf 20 Boxen beschr\u00e4nkt. Jetzt zugreifen!<\/p>\n<div style='float: left;'><form target='' action='https:\/\/www.paypal.com\/cgi-bin\/webscr' method='post'><input type='hidden' name='cmd' value='_xclick' \/><input type='hidden' name='business' value='eileen.schuch@coolbrandz.com' \/><input type='hidden' name='item_name' value='Steirer Box' \/><input type='hidden' name='currency_code' value='EUR' \/><input type='hidden' name='amount' value='59.00' \/><input type='hidden' name='lc' value='EN_US'><input type='hidden' name='no_note' value=''><input type='hidden' name='paymentaction' value='sale'><input type='hidden' name='return' value='' \/><input type='hidden' name='bn' value='WPPlugin_SP'><input type='hidden' name='cancel_return' value='' \/><input style='border: none;' class='paypalbuttonimage' type='image' src='https:\/\/www.paypalobjects.com\/webstatic\/en_US\/i\/buttons\/buy-logo-medium.png' border='0' name='submit' alt='Make your payments with PayPal. It is free, secure, effective.'><img alt='' border='0' style='border:none;display:none;' src='https:\/\/www.paypal.com\/EN_US\/i\/scr\/pixel.gif' width='1' height='1'><\/form><\/div>\n","protected":false},"excerpt":{"rendered":"<p><strong>8 Produkte<\/strong> in einer Box f\u00fcr den Preis von <strong>EUR 59,00<\/strong> anstatt EUR 75,00, inklusive MwSt. und Lieferung. Jetzt diese wundervollen steirischen Spezialit\u00e4ten bequem nach Hause liefern lassen!<\/p>\n<p><strong>Was ist in deiner \u201eSteirer Box\u201c?<\/strong><\/p>\n<p>1 Flasche Entbrannt Mais Wodka (EUR 44,90)<br \/>\n5 Uhrturm Spezialit\u00e4ten: 2 Lebkuchen, Honig, Pesto, Senf (EUR 21,10)<br \/>\n1 K\u00fcrbis Knabberkerne (EUR 3,00)<br \/>\n1 K\u00fcrbiskern\u00f6l (EUR 6,00)<\/p>\n<p>Die erste Edition ist auf 20 Boxen beschr\u00e4nkt und wird auch nur produziert, wenn wir 20 Bestellungen erhalten. Jetzt zugreifen!<\/p>\n<div style='float: left;'><form target='' action='https:\/\/www.paypal.com\/cgi-bin\/webscr' method='post'><input type='hidden' name='cmd' value='_xclick' \/><input type='hidden' name='business' value='eileen.schuch@coolbrandz.com' \/><input type='hidden' name='item_name' value='Steirer Box' \/><input type='hidden' name='currency_code' value='EUR' \/><input type='hidden' name='amount' value='59.00' \/><input type='hidden' name='lc' value='EN_US'><input type='hidden' name='no_note' value=''><input type='hidden' name='paymentaction' value='sale'><input type='hidden' name='return' value='' \/><input type='hidden' name='bn' value='WPPlugin_SP'><input type='hidden' name='cancel_return' value='' \/><input style='border: none;' class='paypalbuttonimage' type='image' src='https:\/\/www.paypalobjects.com\/webstatic\/en_US\/i\/buttons\/buy-logo-medium.png' border='0' name='submit' alt='Make your payments with PayPal. It is free, secure, effective.'><img alt='' border='0' style='border:none;display:none;' src='https:\/\/www.paypal.com\/EN_US\/i\/scr\/pixel.gif' width='1' height='1'><\/form><\/div>\n","protected":false},"featured_media":29120,"comment_status":"open","ping_status":"closed","template":"","meta":{"_et_pb_use_builder":"","_et_pb_old_content":"","_et_gb_content_width":""},"product_cat":[],"product_tag":[],"class_list":["post-2024","product","type-product","status-publish","has-post-thumbnail","hentry"],"yoast_head":"<!-- This site is optimized with the Yoast SEO plugin v27.4 - https:\/\/yoast.com\/product\/yoast-seo-wordpress\/ -->\n<title>Gourmet Box Steiermark - Fabdrinx<\/title>\n<meta name=\"robots\" content=\"index, follow, max-snippet:-1, max-image-preview:large, max-video-preview:-1\" \/>\n<link rel=\"canonical\" href=\"https:\/\/fabdrinx.com\/de\/produit\/gourmet-box-steiermark\/\" \/>\n<meta property=\"og:locale\" content=\"de_DE\" \/>\n<meta property=\"og:type\" content=\"article\" \/>\n<meta property=\"og:title\" content=\"Gourmet Box Steiermark - Fabdrinx\" \/>\n<meta property=\"og:description\" content=\"8 Produkte in einer Box f\u00fcr den Preis von EUR 59,00 anstatt EUR 75,00, inklusive MwSt. und Lieferung. Jetzt diese wundervollen steirischen Spezialit\u00e4ten bequem nach Hause liefern lassen!  Was ist in deiner \u201eSteirer Box\u201c?  1 Flasche Entbrannt Mais Wodka (EUR 44,90) 5 Uhrturm Spezialit\u00e4ten: 2 Lebkuchen, Honig, Pesto, Senf (EUR 21,10) 1 K\u00fcrbis Knabberkerne (EUR 3,00) 1 K\u00fcrbiskern\u00f6l (EUR 6,00)  Die erste Edition ist auf 20 Boxen beschr\u00e4nkt und wird auch nur produziert, wenn wir 20 Bestellungen erhalten. Jetzt zugreifen!\" \/>\n<meta property=\"og:url\" content=\"https:\/\/fabdrinx.com\/de\/produit\/gourmet-box-steiermark\/\" \/>\n<meta property=\"og:site_name\" content=\"Fabdrinx\" \/>\n<meta property=\"article:publisher\" content=\"https:\/\/www.facebook.com\/fabdrinx\/\" \/>\n<meta property=\"article:modified_time\" content=\"2022-09-14T12:17:49+00:00\" \/>\n<meta property=\"og:image\" content=\"https:\/\/fabdrinx.com\/wp-content\/uploads\/2020\/11\/Fabdrinx-Box-Steiermark-Styria.png\" \/>\n\t<meta property=\"og:image:width\" content=\"1080\" \/>\n\t<meta property=\"og:image:height\" content=\"1080\" \/>\n\t<meta property=\"og:image:type\" content=\"image\/png\" \/>\n<meta name=\"twitter:card\" content=\"summary_large_image\" \/>\n<meta name=\"twitter:site\" content=\"@fabdrinx\" \/>\n<meta name=\"twitter:label1\" content=\"Gesch\u00e4tzte Lesezeit\" \/>\n\t<meta name=\"twitter:data1\" content=\"2\u00a0Minuten\" \/>\n<script type=\"application\/ld+json\" class=\"yoast-schema-graph\">{\"@context\":\"https:\\\/\\\/schema.org\",\"@graph\":[{\"@type\":\"WebPage\",\"@id\":\"https:\\\/\\\/fabdrinx.com\\\/de\\\/produit\\\/gourmet-box-steiermark\\\/\",\"url\":\"https:\\\/\\\/fabdrinx.com\\\/de\\\/produit\\\/gourmet-box-steiermark\\\/\",\"name\":\"Gourmet Box Steiermark - Fabdrinx\",\"isPartOf\":{\"@id\":\"https:\\\/\\\/fabdrinx.com\\\/de\\\/#website\"},\"primaryImageOfPage\":{\"@id\":\"https:\\\/\\\/fabdrinx.com\\\/de\\\/produit\\\/gourmet-box-steiermark\\\/#primaryimage\"},\"image\":{\"@id\":\"https:\\\/\\\/fabdrinx.com\\\/de\\\/produit\\\/gourmet-box-steiermark\\\/#primaryimage\"},\"thumbnailUrl\":\"https:\\\/\\\/fabdrinx.com\\\/wp-content\\\/uploads\\\/2020\\\/11\\\/Fabdrinx-Box-Steiermark-Styria.png\",\"datePublished\":\"2020-11-28T05:53:17+00:00\",\"dateModified\":\"2022-09-14T12:17:49+00:00\",\"breadcrumb\":{\"@id\":\"https:\\\/\\\/fabdrinx.com\\\/de\\\/produit\\\/gourmet-box-steiermark\\\/#breadcrumb\"},\"inLanguage\":\"de\",\"potentialAction\":[{\"@type\":\"ReadAction\",\"target\":[\"https:\\\/\\\/fabdrinx.com\\\/de\\\/produit\\\/gourmet-box-steiermark\\\/\"]}]},{\"@type\":\"ImageObject\",\"inLanguage\":\"de\",\"@id\":\"https:\\\/\\\/fabdrinx.com\\\/de\\\/produit\\\/gourmet-box-steiermark\\\/#primaryimage\",\"url\":\"https:\\\/\\\/fabdrinx.com\\\/wp-content\\\/uploads\\\/2020\\\/11\\\/Fabdrinx-Box-Steiermark-Styria.png\",\"contentUrl\":\"https:\\\/\\\/fabdrinx.com\\\/wp-content\\\/uploads\\\/2020\\\/11\\\/Fabdrinx-Box-Steiermark-Styria.png\",\"width\":1080,\"height\":1080},{\"@type\":\"BreadcrumbList\",\"@id\":\"https:\\\/\\\/fabdrinx.com\\\/de\\\/produit\\\/gourmet-box-steiermark\\\/#breadcrumb\",\"itemListElement\":[{\"@type\":\"ListItem\",\"position\":1,\"name\":\"Accueil\",\"item\":\"https:\\\/\\\/fabdrinx.com\\\/de\\\/\"},{\"@type\":\"ListItem\",\"position\":2,\"name\":\"Boutique\",\"item\":\"https:\\\/\\\/fabdrinx.com\\\/boutique\\\/\"},{\"@type\":\"ListItem\",\"position\":3,\"name\":\"Gourmet Box Steiermark\"}]},{\"@type\":\"WebSite\",\"@id\":\"https:\\\/\\\/fabdrinx.com\\\/de\\\/#website\",\"url\":\"https:\\\/\\\/fabdrinx.com\\\/de\\\/\",\"name\":\"Fabdrinx\",\"description\":\"Fabulous drinks and fine things\",\"publisher\":{\"@id\":\"https:\\\/\\\/fabdrinx.com\\\/de\\\/#organization\"},\"potentialAction\":[{\"@type\":\"SearchAction\",\"target\":{\"@type\":\"EntryPoint\",\"urlTemplate\":\"https:\\\/\\\/fabdrinx.com\\\/de\\\/?s={search_term_string}\"},\"query-input\":{\"@type\":\"PropertyValueSpecification\",\"valueRequired\":true,\"valueName\":\"search_term_string\"}}],\"inLanguage\":\"de\"},{\"@type\":\"Organization\",\"@id\":\"https:\\\/\\\/fabdrinx.com\\\/de\\\/#organization\",\"name\":\"Fabdrinx\",\"url\":\"https:\\\/\\\/fabdrinx.com\\\/de\\\/\",\"logo\":{\"@type\":\"ImageObject\",\"inLanguage\":\"de\",\"@id\":\"https:\\\/\\\/fabdrinx.com\\\/de\\\/#\\\/schema\\\/logo\\\/image\\\/\",\"url\":\"https:\\\/\\\/fnskaumfs.preview.infomaniak.website\\\/wp-content\\\/uploads\\\/2022\\\/09\\\/android-icon-192x192-1.png\",\"contentUrl\":\"https:\\\/\\\/fnskaumfs.preview.infomaniak.website\\\/wp-content\\\/uploads\\\/2022\\\/09\\\/android-icon-192x192-1.png\",\"width\":192,\"height\":192,\"caption\":\"Fabdrinx\"},\"image\":{\"@id\":\"https:\\\/\\\/fabdrinx.com\\\/de\\\/#\\\/schema\\\/logo\\\/image\\\/\"},\"sameAs\":[\"https:\\\/\\\/www.facebook.com\\\/fabdrinx\\\/\",\"https:\\\/\\\/x.com\\\/fabdrinx\",\"https:\\\/\\\/www.instagram.com\\\/fabdrinx\\\/\",\"https:\\\/\\\/www.pinterest.de\\\/fabdrinx\\\/\",\"https:\\\/\\\/www.youtube.com\\\/user\\\/fabdrinx\\\/\"]}]}<\/script>\n<!-- \/ Yoast SEO plugin. -->","yoast_head_json":{"title":"Gourmet Box Steiermark - Fabdrinx","robots":{"index":"index","follow":"follow","max-snippet":"max-snippet:-1","max-image-preview":"max-image-preview:large","max-video-preview":"max-video-preview:-1"},"canonical":"https:\/\/fabdrinx.com\/de\/produit\/gourmet-box-steiermark\/","og_locale":"de_DE","og_type":"article","og_title":"Gourmet Box Steiermark - Fabdrinx","og_description":"8 Produkte in einer Box f\u00fcr den Preis von EUR 59,00 anstatt EUR 75,00, inklusive MwSt. und Lieferung. Jetzt diese wundervollen steirischen Spezialit\u00e4ten bequem nach Hause liefern lassen!  Was ist in deiner \u201eSteirer Box\u201c?  1 Flasche Entbrannt Mais Wodka (EUR 44,90) 5 Uhrturm Spezialit\u00e4ten: 2 Lebkuchen, Honig, Pesto, Senf (EUR 21,10) 1 K\u00fcrbis Knabberkerne (EUR 3,00) 1 K\u00fcrbiskern\u00f6l (EUR 6,00)  Die erste Edition ist auf 20 Boxen beschr\u00e4nkt und wird auch nur produziert, wenn wir 20 Bestellungen erhalten. Jetzt zugreifen!","og_url":"https:\/\/fabdrinx.com\/de\/produit\/gourmet-box-steiermark\/","og_site_name":"Fabdrinx","article_publisher":"https:\/\/www.facebook.com\/fabdrinx\/","article_modified_time":"2022-09-14T12:17:49+00:00","og_image":[{"width":1080,"height":1080,"url":"https:\/\/fabdrinx.com\/wp-content\/uploads\/2020\/11\/Fabdrinx-Box-Steiermark-Styria.png","type":"image\/png"}],"twitter_card":"summary_large_image","twitter_site":"@fabdrinx","twitter_misc":{"Gesch\u00e4tzte Lesezeit":"2\u00a0Minuten"},"schema":{"@context":"https:\/\/schema.org","@graph":[{"@type":"WebPage","@id":"https:\/\/fabdrinx.com\/de\/produit\/gourmet-box-steiermark\/","url":"https:\/\/fabdrinx.com\/de\/produit\/gourmet-box-steiermark\/","name":"Gourmet Box Steiermark - Fabdrinx","isPartOf":{"@id":"https:\/\/fabdrinx.com\/de\/#website"},"primaryImageOfPage":{"@id":"https:\/\/fabdrinx.com\/de\/produit\/gourmet-box-steiermark\/#primaryimage"},"image":{"@id":"https:\/\/fabdrinx.com\/de\/produit\/gourmet-box-steiermark\/#primaryimage"},"thumbnailUrl":"https:\/\/fabdrinx.com\/wp-content\/uploads\/2020\/11\/Fabdrinx-Box-Steiermark-Styria.png","datePublished":"2020-11-28T05:53:17+00:00","dateModified":"2022-09-14T12:17:49+00:00","breadcrumb":{"@id":"https:\/\/fabdrinx.com\/de\/produit\/gourmet-box-steiermark\/#breadcrumb"},"inLanguage":"de","potentialAction":[{"@type":"ReadAction","target":["https:\/\/fabdrinx.com\/de\/produit\/gourmet-box-steiermark\/"]}]},{"@type":"ImageObject","inLanguage":"de","@id":"https:\/\/fabdrinx.com\/de\/produit\/gourmet-box-steiermark\/#primaryimage","url":"https:\/\/fabdrinx.com\/wp-content\/uploads\/2020\/11\/Fabdrinx-Box-Steiermark-Styria.png","contentUrl":"https:\/\/fabdrinx.com\/wp-content\/uploads\/2020\/11\/Fabdrinx-Box-Steiermark-Styria.png","width":1080,"height":1080},{"@type":"BreadcrumbList","@id":"https:\/\/fabdrinx.com\/de\/produit\/gourmet-box-steiermark\/#breadcrumb","itemListElement":[{"@type":"ListItem","position":1,"name":"Accueil","item":"https:\/\/fabdrinx.com\/de\/"},{"@type":"ListItem","position":2,"name":"Boutique","item":"https:\/\/fabdrinx.com\/boutique\/"},{"@type":"ListItem","position":3,"name":"Gourmet Box Steiermark"}]},{"@type":"WebSite","@id":"https:\/\/fabdrinx.com\/de\/#website","url":"https:\/\/fabdrinx.com\/de\/","name":"Fabdrinx","description":"Fabulous drinks and fine things","publisher":{"@id":"https:\/\/fabdrinx.com\/de\/#organization"},"potentialAction":[{"@type":"SearchAction","target":{"@type":"EntryPoint","urlTemplate":"https:\/\/fabdrinx.com\/de\/?s={search_term_string}"},"query-input":{"@type":"PropertyValueSpecification","valueRequired":true,"valueName":"search_term_string"}}],"inLanguage":"de"},{"@type":"Organization","@id":"https:\/\/fabdrinx.com\/de\/#organization","name":"Fabdrinx","url":"https:\/\/fabdrinx.com\/de\/","logo":{"@type":"ImageObject","inLanguage":"de","@id":"https:\/\/fabdrinx.com\/de\/#\/schema\/logo\/image\/","url":"https:\/\/fnskaumfs.preview.infomaniak.website\/wp-content\/uploads\/2022\/09\/android-icon-192x192-1.png","contentUrl":"https:\/\/fnskaumfs.preview.infomaniak.website\/wp-content\/uploads\/2022\/09\/android-icon-192x192-1.png","width":192,"height":192,"caption":"Fabdrinx"},"image":{"@id":"https:\/\/fabdrinx.com\/de\/#\/schema\/logo\/image\/"},"sameAs":["https:\/\/www.facebook.com\/fabdrinx\/","https:\/\/x.com\/fabdrinx","https:\/\/www.instagram.com\/fabdrinx\/","https:\/\/www.pinterest.de\/fabdrinx\/","https:\/\/www.youtube.com\/user\/fabdrinx\/"]}]}},"_links":{"self":[{"href":"https:\/\/fabdrinx.com\/de\/wp-json\/wp\/v2\/product\/2024","targetHints":{"allow":["GET"]}}],"collection":[{"href":"https:\/\/fabdrinx.com\/de\/wp-json\/wp\/v2\/product"}],"about":[{"href":"https:\/\/fabdrinx.com\/de\/wp-json\/wp\/v2\/types\/product"}],"replies":[{"embeddable":true,"href":"https:\/\/fabdrinx.com\/de\/wp-json\/wp\/v2\/comments?post=2024"}],"wp:featuredmedia":[{"embeddable":true,"href":"https:\/\/fabdrinx.com\/de\/wp-json\/wp\/v2\/media\/29120"}],"wp:attachment":[{"href":"https:\/\/fabdrinx.com\/de\/wp-json\/wp\/v2\/media?parent=2024"}],"wp:term":[{"taxonomy":"product_cat","embeddable":true,"href":"https:\/\/fabdrinx.com\/de\/wp-json\/wp\/v2\/product_cat?post=2024"},{"taxonomy":"product_tag","embeddable":true,"href":"https:\/\/fabdrinx.com\/de\/wp-json\/wp\/v2\/product_tag?post=2024"}],"curies":[{"name":"wp","href":"https:\/\/api.w.org\/{rel}","templated":true}]}}